{"id":24,"date":"2019-03-05T18:10:40","date_gmt":"2019-03-05T18:10:40","guid":{"rendered":"http:\/\/hlsolutions.mx\/?page_id=24"},"modified":"2019-03-24T21:51:49","modified_gmt":"2019-03-24T21:51:49","slug":"servicios","status":"publish","type":"page","link":"https:\/\/hlsolutions.mx\/index.php\/servicios\/","title":{"rendered":"Servicios"},"content":{"rendered":"\n<p>Tenemos m\u00e1s de 15 a\u00f1os de experiencia en servicios de computo, somos especialistas en casos complicados. <\/p>\n\n\n\n<ul><li>Recuperaci\u00f3n y respaldos de informaci\u00f3n.<\/li><li>Formateo de PC&#8217;s y laptops.<\/li><li>Instalaci\u00f3n y configuraci\u00f3n de programas, ofim\u00e1tica, dise\u00f1o, c\u00e1lculos, etc. <\/li><li>Mantenimiento preventivo y correctivo. <\/li><li>Instalaci\u00f3n y configuraci\u00f3n de videovigilancia <\/li><li>Soluciones de Networking.<\/li><li>Proyectos el\u00e9ctricos. <\/li><\/ul>\n\n\n\n<div class=\"wp-block-image\"><figure class=\"aligncenter\"><img loading=\"lazy\" width=\"800\" height=\"600\" src=\"http:\/\/hlsolutions.mx\/wp-content\/uploads\/2019\/03\/Servicios-HL-1.png\" alt=\"\" class=\"wp-image-112\" srcset=\"https:\/\/hlsolutions.mx\/wp-content\/uploads\/2019\/03\/Servicios-HL-1.png 800w, https:\/\/hlsolutions.mx\/wp-content\/uploads\/2019\/03\/Servicios-HL-1-300x225.png 300w, https:\/\/hlsolutions.mx\/wp-content\/uploads\/2019\/03\/Servicios-HL-1-768x576.png 768w\" sizes=\"(max-width: 800px) 100vw, 800px\" \/><figcaption>Resolvemos tus problemas, adquiere una poliza de soporte.<\/figcaption><\/figure><\/div>\n\n\n\n<div class=\"wp-block-image\"><figure class=\"aligncenter\"><img loading=\"lazy\" width=\"700\" height=\"247\" src=\"http:\/\/hlsolutions.mx\/wp-content\/uploads\/2019\/03\/aspel_factura1.jpg\" alt=\"\" class=\"wp-image-42\" srcset=\"https:\/\/hlsolutions.mx\/wp-content\/uploads\/2019\/03\/aspel_factura1.jpg 700w, https:\/\/hlsolutions.mx\/wp-content\/uploads\/2019\/03\/aspel_factura1-300x106.jpg 300w\" sizes=\"(max-width: 700px) 100vw, 700px\" \/><figcaption>SOMOS DISTRIBUIDORES AUTORIZADOS DE SISTEMAS ASPEL<\/figcaption><\/figure><\/div>\n\n\n\n<div class=\"wp-block-image\"><figure class=\"aligncenter\"><img loading=\"lazy\" width=\"800\" height=\"600\" src=\"http:\/\/hlsolutions.mx\/wp-content\/uploads\/2019\/03\/Servicios-HL2.png\" alt=\"\" class=\"wp-image-84\" srcset=\"https:\/\/hlsolutions.mx\/wp-content\/uploads\/2019\/03\/Servicios-HL2.png 800w, https:\/\/hlsolutions.mx\/wp-content\/uploads\/2019\/03\/Servicios-HL2-300x225.png 300w, https:\/\/hlsolutions.mx\/wp-content\/uploads\/2019\/03\/Servicios-HL2-768x576.png 768w\" sizes=\"(max-width: 800px) 100vw, 800px\" \/><\/figure><\/div>\n\n\n\n<div class=\"wp-block-image\"><figure class=\"aligncenter\"><img loading=\"lazy\" width=\"800\" height=\"600\" src=\"http:\/\/hlsolutions.mx\/wp-content\/uploads\/2019\/03\/Servicios-HL3.png\" alt=\"\" class=\"wp-image-110\" srcset=\"https:\/\/hlsolutions.mx\/wp-content\/uploads\/2019\/03\/Servicios-HL3.png 800w, https:\/\/hlsolutions.mx\/wp-content\/uploads\/2019\/03\/Servicios-HL3-300x225.png 300w, https:\/\/hlsolutions.mx\/wp-content\/uploads\/2019\/03\/Servicios-HL3-768x576.png 768w\" sizes=\"(max-width: 800px) 100vw, 800px\" \/><\/figure><\/div>\n","protected":false},"excerpt":{"rendered":"<p>Tenemos m\u00e1s de 15 a\u00f1os de experiencia en servicios de computo, somos especialistas en casos complicados. Recuperaci\u00f3n y respaldos de informaci\u00f3n. Formateo de PC&#8217;s y laptops. Instalaci\u00f3n y configuraci\u00f3n de programas, ofim\u00e1tica, dise\u00f1o, c\u00e1lculos, etc. Mantenimiento preventivo y correctivo. Instalaci\u00f3n y configuraci\u00f3n de videovigilancia Soluciones de Networking. Proyectos el\u00e9ctricos.<\/p>\n","protected":false},"author":3,"featured_media":0,"parent":0,"menu_order":0,"comment_status":"closed","ping_status":"closed","template":"","meta":[],"_links":{"self":[{"href":"https:\/\/hlsolutions.mx\/index.php\/wp-json\/wp\/v2\/pages\/24"}],"collection":[{"href":"https:\/\/hlsolutions.mx\/index.php\/wp-json\/wp\/v2\/pages"}],"about":[{"href":"https:\/\/hlsolutions.mx\/index.php\/wp-json\/wp\/v2\/types\/page"}],"author":[{"embeddable":true,"href":"https:\/\/hlsolutions.mx\/index.php\/wp-json\/wp\/v2\/users\/3"}],"replies":[{"embeddable":true,"href":"https:\/\/hlsolutions.mx\/index.php\/wp-json\/wp\/v2\/comments?post=24"}],"version-history":[{"count":7,"href":"https:\/\/hlsolutions.mx\/index.php\/wp-json\/wp\/v2\/pages\/24\/revisions"}],"predecessor-version":[{"id":120,"href":"https:\/\/hlsolutions.mx\/index.php\/wp-json\/wp\/v2\/pages\/24\/revisions\/120"}],"wp:attachment":[{"href":"https:\/\/hlsolutions.mx\/index.php\/wp-json\/wp\/v2\/media?parent=24"}],"curies":[{"name":"wp","href":"https:\/\/api.w.org\/{rel}","templated":true}]}}